{"id":2,"date":"2020-03-15T11:48:09","date_gmt":"2020-03-15T10:48:09","guid":{"rendered":"http:\/\/ermekeil.uber.space\/heimatkueche\/?page_id=2"},"modified":"2023-10-13T14:21:23","modified_gmt":"2023-10-13T12:21:23","slug":"beispiel-seite","status":"publish","type":"page","link":"https:\/\/ermekeilinitiative.de\/heimatkueche\/","title":{"rendered":"Gefl\u00fcchtete kochen mit uns und zeigen uns so etwas von der Vielfalt ihrer Heimat"},"content":{"rendered":"\n<p>Diese Veranstaltung wird in Zusammenarbeit mit der ORS, der die Betreuung der Bewohner der Erstaufnahmeeinrichtung (EAE) obliegt, durchgef\u00fchrt. Sie ist nicht wirklich \u00f6ffentlich, aber wer sich daf\u00fcr interessiert kann gerne kommen und sich informieren und zuschauen.<\/p>\n\n\n\n<p>Die Planung obliegt der ORS, die die Gruppen der Bewohner zusammenstellt und die Zutaten besorgt!<\/p>\n\n\n\n<p>Z.Z. findet es 14t\u00e4gig Dienstags ab 16:00 Uhr in Haus 8 , die genauen Termine bitte dem Kalender entnehmen.<br>Wir wollen um 16:00 Uhr beginnen, damit wir um 18:00 Uhr essen k\u00f6nnen. <\/p>\n\n\n\n<p>Ansprechpartner: Hartmut G\u00f6belsmann, Email-Kontakt: <a href=\"mailto:kochen@ermekeilkarree.de\">kochen@ermekeilkarree.de<\/a> <\/p>\n\n\n\n<p><\/p>\n\n\n\n<p>Taste of Homeland <\/p>\n\n\n\n<p>This event is organised in cooperation with ORS company, which is responsible for the inhabitants of the Ermekeil Refugee Housing. ORS puts together groups of inhabitants who can cook in our premises  and also procures the ingredients.<\/p>\n\n\n\n<p>Presently the event takes place every 2nd Tuesday from 4 p.m. at building 8. Pls check the Calender for details.<br>We start cooking at 4 p.m. so we can eat at 6 p.m. <\/p>\n\n\n\n<p><br>contact: Hartmut G\u00f6belsmann; Email: <a href=\"kochen@ermekeilinitiative.de\">kochen@ermekeilkarree.de <\/a><\/p>\n\n\n\n<p>Entrance: Ermekeilinitiative, Reuterstra\u00dfe 63, 53113 Bonn &#8211; Eingang Gartentu\u0308re <\/p>\n","protected":false},"excerpt":{"rendered":"<p>Diese Veranstaltung wird in Zusammenarbeit mit der ORS, der die Betreuung der Bewohner der Erstaufnahmeeinrichtung (EAE) obliegt, durchgef\u00fchrt. Sie ist nicht wirklich \u00f6ffentlich, aber wer sich daf\u00fcr interessiert kann gerne kommen und sich informieren und zuschauen. Die Planung obliegt der ORS, die die Gruppen der Bewohner zusammenstellt und die Zutaten besorgt! Z.Z. findet es 14t\u00e4gig [&hellip;]<\/p>\n","protected":false},"author":1,"featured_media":0,"parent":0,"menu_order":0,"comment_status":"closed","ping_status":"open","template":"","meta":{"footnotes":""},"class_list":["post-2","page","type-page","status-publish","hentry"],"_links":{"self":[{"href":"https:\/\/ermekeilinitiative.de\/heimatkueche\/wp-json\/wp\/v2\/pages\/2","targetHints":{"allow":["GET"]}}],"collection":[{"href":"https:\/\/ermekeilinitiative.de\/heimatkueche\/wp-json\/wp\/v2\/pages"}],"about":[{"href":"https:\/\/ermekeilinitiative.de\/heimatkueche\/wp-json\/wp\/v2\/types\/page"}],"author":[{"embeddable":true,"href":"https:\/\/ermekeilinitiative.de\/heimatkueche\/wp-json\/wp\/v2\/users\/1"}],"replies":[{"embeddable":true,"href":"https:\/\/ermekeilinitiative.de\/heimatkueche\/wp-json\/wp\/v2\/comments?post=2"}],"version-history":[{"count":4,"href":"https:\/\/ermekeilinitiative.de\/heimatkueche\/wp-json\/wp\/v2\/pages\/2\/revisions"}],"predecessor-version":[{"id":64,"href":"https:\/\/ermekeilinitiative.de\/heimatkueche\/wp-json\/wp\/v2\/pages\/2\/revisions\/64"}],"wp:attachment":[{"href":"https:\/\/ermekeilinitiative.de\/heimatkueche\/wp-json\/wp\/v2\/media?parent=2"}],"curies":[{"name":"wp","href":"https:\/\/api.w.org\/{rel}","templated":true}]}}